{"id":1841,"date":"2021-06-29T22:18:16","date_gmt":"2021-06-29T22:18:16","guid":{"rendered":"https:\/\/cwchealth.org\/?page_id=1841"},"modified":"2023-06-23T02:49:22","modified_gmt":"2023-06-23T02:49:22","slug":"terms","status":"publish","type":"page","link":"https:\/\/mdpointclinic.org\/es\/terms\/","title":{"rendered":"Condiciones de Uso"},"content":{"rendered":"<h2 class=\"wp-block-heading\">Condiciones de Uso<\/h2>\n\n\n\n<h4 class=\"wp-block-heading\"><strong>Aviso Legal y Pol\u00edtica de Privacidad<\/strong><\/h4>\n\n\n\n<h4 class=\"wp-block-heading\"><strong>AL UTILIZAR ESTE SITIO, USTED ACEPTA ESTA POL\u00cdTICA DE PRIVACIDAD Y T\u00c9RMINOS DE USO.&nbsp;<\/strong><br><strong>POR FAVOR L\u00c9ALO CUIDADOSAMENTE.<\/strong><\/h4>\n\n\n\n<p><strong>Contenido del Sitio Web<\/strong><\/p>\n\n\n\n<p>La informaci\u00f3n m\u00e9dica contenida en este Sitio y cualquiera de nuestros sitios de redes sociales es de naturaleza general y no pretende ni implica ser un sustituto del consejo, diagn\u00f3stico o tratamiento brindado por su propio m\u00e9dico o un proveedor de atenci\u00f3n m\u00e9dica calificado. No debe usar esta informaci\u00f3n para diagnosticar o tratar un problema de salud o una enfermedad sin consultar con su propio m\u00e9dico o un proveedor de atenci\u00f3n m\u00e9dica calificado. Aunque se hace todo lo posible para garantizar que la informaci\u00f3n proporcionada sea precisa y oportuna, se brinda por conveniencia y no debe considerarse oficial.<\/p>\n\n\n\n<p>El uso de este Sitio o cualquiera de nuestros sitios de redes sociales no constituir\u00e1 el establecimiento de una relaci\u00f3n m\u00e9dico\/paciente o cl\u00ednica con ninguna persona, ni el establecimiento u oferta para entablar una relaci\u00f3n comercial con ninguna instituci\u00f3n u organizaci\u00f3n.<\/p>\n\n\n\n<p>Usted acepta no utilizar este Sitio ni ninguna de sus funciones para ning\u00fan prop\u00f3sito que sea ilegal o est\u00e9 prohibido.<\/p>\n\n\n\n<p><strong>Informaci\u00f3n que Recopilamos<\/strong><\/p>\n\n\n\n<p>Al usar este Sitio, usted acepta la recopilaci\u00f3n y el uso de informaci\u00f3n como se describe a continuaci\u00f3n.<\/p>\n\n\n\n<p><strong>Datos de Uso y Actividad del Sitio<\/strong><br>Recopilamos autom\u00e1ticamente informaci\u00f3n sobre las acciones que realiza en este Sitio (\"Datos de uso\"). Por ejemplo, cada vez que usa este Sitio, recopilamos autom\u00e1ticamente el tipo de navegador web que usa, su sistema operativo, su proveedor de servicios de Internet, su direcci\u00f3n IP, las p\u00e1ginas que ve y la hora y duraci\u00f3n de sus visitas a este Sitio. Usamos esta informaci\u00f3n para ayudarnos a comprender c\u00f3mo las personas usan este Sitio y para mejorar los servicios que ofrecemos.<\/p>\n\n\n\n<p><strong>Cookies e Identificadores An\u00f3nimos<br><\/strong>Podemos usar cookies (un peque\u00f1o archivo de texto colocado en su computadora para identificar su computadora y navegador web) y podemos usar identificadores an\u00f3nimos (una cadena aleatoria de caracteres que se usa para los mismos prop\u00f3sitos que una cookie). Usamos cookies y otros identificadores an\u00f3nimos para analizar el uso y mejorar este Sitio y como se describe en la Secci\u00f3n de Publicidad y Seguimiento en L\u00ednea de esta Pol\u00edtica de Privacidad. No utilizamos cookies para recopilar informaci\u00f3n personal (consulte la secci\u00f3n anterior sobre Datos de uso y actividad del sitio para saber qu\u00e9 se puede recopilar). La mayor\u00eda de los navegadores web est\u00e1n configurados inicialmente para aceptar cookies. Puede restablecer su navegador web para rechazar todas las cookies o para indicar cu\u00e1ndo se env\u00eda una cookie; sin embargo, es posible que ciertas funciones de este Sitio no funcionen si elimina o desactiva las cookies. Algunos de nuestros proveedores de servicios pueden usar sus propias cookies, identificadores an\u00f3nimos u otra tecnolog\u00eda de seguimiento en relaci\u00f3n con los servicios que realizan en nuestro nombre.<\/p>\n\n\n\n<p>Utilizamos Google Analytics en este sitio para recopilar datos de uso, analizar c\u00f3mo los usuarios usan este sitio y proporcionarle anuncios en otros sitios web. Para obtener m\u00e1s informaci\u00f3n sobre c\u00f3mo optar por que Google Analytics no utilice su informaci\u00f3n, visite&nbsp;<a href=\"https:\/\/tools.google.com\/dlpage\/gaoptout\/\" target=\"_blank\" rel=\"noopener\">https:\/\/tools.google.com\/dlpage\/gaoptout\/<\/a>.<\/p>\n\n\n\n<p><strong>Compartir Informaci\u00f3n con Otros<br><\/strong>Tenga en cuenta que cada vez que comparte informaci\u00f3n en cualquier \u00e1rea p\u00fablica de este Sitio, otras personas pueden acceder a esa informaci\u00f3n. Adem\u00e1s, recuerde que cuando comparte informaci\u00f3n en cualquier otra comunicaci\u00f3n con terceros, esa informaci\u00f3n puede ser compartida o hecha p\u00fablica por otros. Esto significa que cualquier persona con acceso a dicha informaci\u00f3n puede potencialmente usarla para cualquier prop\u00f3sito, incluido el env\u00edo de comunicaciones no solicitadas.<\/p>\n\n\n\n<p>Al usar este Sitio, puede asegurarse de que su informaci\u00f3n personal est\u00e9 disponible para otros. Por ejemplo, cuando publica un comentario o una foto en este Sitio o en nuestros sitios de redes sociales, otros usuarios pueden obtener informaci\u00f3n personal que, de otro modo, estar\u00eda disponible para otros.<\/p>\n\n\n\n<p><strong>Enlaces Externos<br><\/strong>Nuestro Sitio puede contener enlaces a otros sitios web o permitir que otros le env\u00eden dichos enlaces. Un enlace al sitio web de un tercero no significa que lo respaldemos o que estemos afiliados a \u00e9l. No ejercemos control sobre los sitios web de terceros. Usted accede a tales sitios web o contenido de terceros bajo su propio riesgo. Siempre debe leer la pol\u00edtica de privacidad de un sitio web de terceros antes de proporcionar cualquier informaci\u00f3n al sitio web.<\/p>\n\n\n\n<p>Si usa el enlace al Portal del paciente, tenga en cuenta que lo llevar\u00e1 a otro sitio operado por un proveedor externo. Revise la pol\u00edtica de privacidad aplicable en relaci\u00f3n con esto.<\/p>\n\n\n\n<p><strong>Redes sociales \u2013 Condiciones de Uso<\/strong><br>We encourage open discussions and look forward to any comments, stories and experiences you want to share.&nbsp; However, this Site is public and you should not share any personal medical information which you wish to be held confidential. We cannot respond to every comment, particularly those that deal with individual medical cases and issues. The information provided on our social media sites are for informational purposes only and is not intended to take the place of consultation with your physician or a qualified healthcare provider.<\/p>\n\n\n\n<p>By posting any comments, posts or other material, you provide MDpoint Community Clinic the irrevocable right to reproduce, distribute, publish, display, edit, modify or delete any such comments, posts or other material.\u00a0 By submitting content to our social media sites (posts, photos, links, etc.), you understand that this information is publicly available and agree to the terms of use.<\/p>\n\n\n\n<p><strong>Descargos de Responsabilidad<br><\/strong>The information displayed in or through this Site (including our social media sites) is provided without warranties of any kind, expressed or implied, including but not limited to, those of title, merchantability, fitness for a particular purpose or non-infringement or any warranty arising from a course of dealing, usage or trade practice. MDpoint Community Clinic will not be liable to you or anyone else for any decision made or action taken by you or anyone else in reliance upon the information provided. By accessing this Site, our social media sites and the Internet generally, you assume all responsibility and risk for use.<\/p>\n\n\n\n<p><strong>Seguridad<br><\/strong>Tenga en cuenta que la mayor\u00eda de la informaci\u00f3n transmitida a trav\u00e9s de Internet no es segura y, por lo tanto, no se puede garantizar la confidencialidad.<\/p>\n\n\n\n<p><strong>Derecho a Modificar<br><\/strong>MDpoint Community Clinic has the right to amend this policy (including the terms of use for our Social Media sites) at any time without notice to you by making changes to the terms as posted on this Site.<\/p>","protected":false},"excerpt":{"rendered":"<p>Terms of Use Legal Disclaimer and Privacy Policy BY USING THIS SITE, YOU ARE CONSENTING TO THIS PRIVACY POLICY AND TERMS OF USE.&nbsp;PLEASE READ IT CAREFULLY. Website Content The medical information contained on this Site and any of our social media sites are general in nature and not intended or implied to be a substitute [&hellip;]<\/p>\n","protected":false},"author":2,"featured_media":0,"parent":0,"menu_order":0,"comment_status":"closed","ping_status":"closed","template":"","meta":{"_eb_attr":"","_themeisle_gutenberg_block_has_review":false,"footnotes":""},"class_list":["post-1841","page","type-page","status-publish","hentry"],"blocksy_meta":{"styles_descriptor":{"styles":{"desktop":"","tablet":"","mobile":""},"google_fonts":[],"version":6}},"rttpg_featured_image_url":null,"rttpg_author":{"display_name":"itscps","author_link":"https:\/\/mdpointclinic.org\/es\/author\/itscps\/"},"rttpg_comment":0,"rttpg_category":null,"rttpg_excerpt":"Terms of Use Legal Disclaimer and Privacy Policy BY USING THIS SITE, YOU ARE CONSENTING TO THIS PRIVACY POLICY AND TERMS OF USE.&nbsp;PLEASE READ IT CAREFULLY. Website Content The medical information contained on this Site and any of our social media sites are general in nature and not intended or implied to be a substitute&hellip;","_links":{"self":[{"href":"https:\/\/mdpointclinic.org\/es\/wp-json\/wp\/v2\/pages\/1841","targetHints":{"allow":["GET"]}}],"collection":[{"href":"https:\/\/mdpointclinic.org\/es\/wp-json\/wp\/v2\/pages"}],"about":[{"href":"https:\/\/mdpointclinic.org\/es\/wp-json\/wp\/v2\/types\/page"}],"author":[{"embeddable":true,"href":"https:\/\/mdpointclinic.org\/es\/wp-json\/wp\/v2\/users\/2"}],"replies":[{"embeddable":true,"href":"https:\/\/mdpointclinic.org\/es\/wp-json\/wp\/v2\/comments?post=1841"}],"version-history":[{"count":3,"href":"https:\/\/mdpointclinic.org\/es\/wp-json\/wp\/v2\/pages\/1841\/revisions"}],"predecessor-version":[{"id":2905,"href":"https:\/\/mdpointclinic.org\/es\/wp-json\/wp\/v2\/pages\/1841\/revisions\/2905"}],"wp:attachment":[{"href":"https:\/\/mdpointclinic.org\/es\/wp-json\/wp\/v2\/media?parent=1841"}],"curies":[{"name":"wp","href":"https:\/\/api.w.org\/{rel}","templated":true}]}}